{"id":1455,"date":"2024-05-16T14:44:48","date_gmt":"2024-05-16T12:44:48","guid":{"rendered":"https:\/\/easychicken.it\/news\/"},"modified":"2024-05-16T14:44:48","modified_gmt":"2024-05-16T12:44:48","slug":"news","status":"publish","type":"page","link":"https:\/\/easychicken.it\/en\/news\/","title":{"rendered":"BLOG"},"content":{"rendered":"<div class=\"wpb-content-wrapper\"><p>[vc_row el_id=&#8221;section_loop&#8221;][vc_column][vc_raw_html]JTVCc2VhcmNoYW5kZmlsdGVyJTIwaWQlM0QlMjIxNDMyJTIyJTVE[\/vc_raw_html][vc_raw_html]JTVCc2VhcmNoYW5kZmlsdGVyJTIwaWQlM0QlMjIxNDMyJTIyJTIwc2hvdyUzRCUyMnJlc3VsdHMlMjIlNUQ=[\/vc_raw_html][\/vc_column][\/vc_row][vc_row][vc_column][vc_empty_space height=&#8221;80&#8243;][\/vc_column][\/vc_row][vc_row css=&#8221;.vc_custom_1527841951220{padding-right: 5% !important;padding-left: 5% !important;background-color: #0d361d !important;}&#8221;][vc_column css=&#8221;.vc_custom_1527841848847{padding-right: 8% !important;padding-left: 8% !important;}&#8221;][vc_empty_space height=&#8221;100px&#8221;][vc_icon icon_fontawesome=&#8221;fa fa-star&#8221; color=&#8221;white&#8221; align=&#8221;center&#8221; css_animation=&#8221;fadeIn&#8221;][vc_column_text]<\/p>\n<h2 style=\"text-align: center; color: #fff;\">SPEDIZIONI IN TUTTA ITALIA IN 24\/48H<br \/>\n<span style=\"font-weight: 400 !important;\">PASTI SOTTOVUOTO CONGELABILI<\/span><\/h2>\n<p>[\/vc_column_text][vc_empty_space height=&#8221;30px&#8221;][vc_raw_html]JTNDZGl2JTIwY2xhc3MlM0QlMjJzcGVkaXppb25pMiUyMiUzRSUwQSUzQ2RpdiUyMGNsYXNzJTNEJTIyY29sdW1uJTIwb25lLXRoaXJkJTIyJTNFJTNDc3BhbiUyMGNsYXNzJTNEJTIybnVtYi1zcGVkMiUyMiUzRTclM0MlMkZzcGFuJTNFJTNDcCUyMHN0eWxlJTNEJTIyZm9udC1zaXplJTNBMjBweCUzQmZvbnQtd2VpZ2h0JTNBNzAwJTNCbGV0dGVyLXNwYWNpbmclM0E1cHglM0Jmb250LXNpemUlM0EyMHB4JTNCJTIyJTNFUEFTVEklM0MlMkZwJTNFNzAlRTIlODIlQUMlM0NiciUzRSUzQ2klM0UlMjgxMCVFMiU4MiVBQyUyMGwlMjd1bm8lMkElMjklM0NzcGFuJTIwY2xhc3MlM0QlMjJkaXZpZGVyLXNwZWQyJTIyJTNFJTNDJTJGc3BhbiUzRWNvc3RpJTIwZGklMjBzcGVkaXppb25lJTIwaW5jbHVzaSUzQyUyRmklM0UlM0NiciUzRSUzQ2JyJTNFJTNDYnIlM0UlM0MlMkZkaXYlM0UlMEElMEElM0NkaXYlMjBjbGFzcyUzRCUyMmNvbHVtbiUyMG9uZS10aGlyZCUyMiUzRSUzQ3NwYW4lMjBjbGFzcyUzRCUyMm51bWItc3BlZDIlMjIlM0UyMCUzQyUyRnNwYW4lM0UlM0NwJTIwc3R5bGUlM0QlMjJmb250LXNpemUlM0EyMHB4JTNCZm9udC13ZWlnaHQlM0E3MDAlM0JsZXR0ZXItc3BhY2luZyUzQTVweCUzQmZvbnQtc2l6ZSUzQTIwcHglM0IlMjIlM0VQQVNUSSUzQyUyRnAlM0UxNjAlRTIlODIlQUMlM0NiciUzRSUzQ2klM0UlMjg4JUUyJTgyJUFDJTIwbCUyN3VubyUyQSUyOSUzQ3NwYW4lMjBjbGFzcyUzRCUyMmRpdmlkZXItc3BlZDIlMjIlM0UlM0MlMkZzcGFuJTNFY29zdGklMjBkaSUyMHNwZWRpemlvbmUlMjBpbmNsdXNpJTNDJTJGaSUzRSUzQ2JyJTNFJTNDYnIlM0UlM0NiciUzRSUzQyUyRmRpdiUzRSUwQSUwQSUzQ2RpdiUyMGNsYXNzJTNEJTIyY29sdW1uJTIwb25lLXRoaXJkJTIyJTNFJTNDc3BhbiUyMGNsYXNzJTNEJTIybnVtYi1zcGVkMiUyMiUzRTMwJTNDJTJGc3BhbiUzRSUzQ3AlMjBzdHlsZSUzRCUyMmZvbnQtc2l6ZSUzQTIwcHglM0Jmb250LXdlaWdodCUzQTcwMCUzQmxldHRlci1zcGFjaW5nJTNBNXB4JTNCZm9udC1zaXplJTNBMjBweCUzQiUyMiUzRVBBU1RJJTNDJTJGcCUzRTIyMCVFMiU4MiVBQyUzQ2JyJTNFJTNDaSUzRSUyODclMkMzJUUyJTgyJUFDJTIwbCUyN3VubyUyQSUyOSUzQ3NwYW4lMjBjbGFzcyUzRCUyMmRpdmlkZXItc3BlZDIlMjIlM0UlM0MlMkZzcGFuJTNFY29zdGklMjBkaSUyMHNwZWRpemlvbmUlMjBpbmNsdXNpJTNDJTJGaSUzRSUzQ2JyJTNFJTNDYnIlM0UlM0NiciUzRSUzQyUyRmRpdiUzRSUwQSUzQyUyRmRpdiUzRQ==[\/vc_raw_html][vc_empty_space height=&#8221;100px&#8221;][\/vc_column][\/vc_row][vc_row css=&#8221;.vc_custom_1698141752118{padding-right: 5% !important;padding-left: 5% !important;background-color: #ffffff !important;}&#8221;][vc_column][vc_empty_space height=&#8221;50px&#8221;][vc_column_text]<\/p>\n<h2 class=\"titolo_too_mobile\" style=\"text-align: center;\">CREA IL TUO PASTO PERSONALIZZATO<\/h2>\n<p>[\/vc_column_text][vc_empty_space height=&#8221;15px&#8221;][vc_column_text]<\/p>\n<p style=\"text-align: center; color: #545454; font-size: 17px; font-weight: bold;\">Puoi personalizzare le grammature e i macronutrienti specificandoli durante l&#8217;ordine su WhatsApp<\/p>\n<p>[\/vc_column_text][vc_empty_space height=&#8221;30px&#8221;][vc_btn title=&#8221;ORDINA ORA&#8221; style=&#8221;custom&#8221; custom_background=&#8221;#0f301c&#8221; custom_text=&#8221;#ffffff&#8221; size=&#8221;lg&#8221; align=&#8221;center&#8221; i_icon_fontawesome=&#8221;fab fa-whatsapp&#8221; css_animation=&#8221;fadeIn&#8221; add_icon=&#8221;true&#8221; link=&#8221;url:https%3A%2F%2Foffdevelop.it%2Feasy_blog%2Fordina-ora%2F&#8221;][vc_empty_space height=&#8221;50px&#8221;][vc_row_inner][vc_column_inner width=&#8221;1\/6&#8243;][\/vc_column_inner][vc_column_inner width=&#8221;2\/3&#8243;][vc_column_text]<\/p>\n<p style=\"text-align: center; color: #545454; font-size: 17px; font-weight: bold;\">Con Easy Chicken, scopri il piacere di gustare pasti pronti personalizzati, pensati per adattarsi perfettamente al tuo stile di vita e alle tue preferenze alimentari. La nostra selezione offre variet\u00e0 e qualit\u00e0, garantendo un&#8217;esperienza culinaria unica, comoda e salutare. Ordina ora il tuo pasto ideale con semplicit\u00e0 e ricevilo direttamente a casa in tutta Italia. Non \u00e8 mai stato cos\u00ec facile mangiare bene e stare bene. Scopri di pi\u00f9 sulle nostre proposte e inizia oggi stesso a personalizzare i tuoi pasti con Easy Chicken.<\/p>\n<p>[\/vc_column_text][\/vc_column_inner][vc_column_inner width=&#8221;1\/6&#8243;][\/vc_column_inner][\/vc_row_inner][vc_empty_space height=&#8221;50px&#8221;][\/vc_column][\/vc_row]<\/p>\n<\/div>","protected":false},"excerpt":{"rendered":"<p>[vc_row el_id=&#8221;section_loop&#8221;][vc_column][vc_raw_html]JTVCc2VhcmNoYW5kZmlsdGVyJTIwaWQlM0QlMjIxNDMyJTIyJTVE[\/vc_raw_html][vc_raw_html]JTVCc2VhcmNoYW5kZmlsdGVyJTIwaWQlM0QlMjIxNDMyJTIyJTIwc2hvdyUzRCUyMnJlc3VsdHMlMjIlNUQ=[\/vc_raw_html][\/vc_column][\/vc_row][vc_row][vc_column][vc_empty_space height=&#8221;80&#8243;][\/vc_column][\/vc_row][vc_row css=&#8221;.vc_custom_1527841951220{padding-right: 5% !important;padding-left: 5% !important;background-color: #0d361d !important;}&#8221;][vc_column css=&#8221;.vc_custom_1527841848847{padding-right: 8% !important;padding-left: 8% !important;}&#8221;][vc_empty_space height=&#8221;100px&#8221;][vc_icon icon_fontawesome=&#8221;fa fa-star&#8221; color=&#8221;white&#8221; align=&#8221;center&#8221; css_animation=&#8221;fadeIn&#8221;][vc_column_text] SPEDIZIONI IN TUTTA ITALIA IN<span class=\"excerpt-hellip\"> [\u2026]<\/span><\/p>\n","protected":false},"author":1,"featured_media":1055,"parent":0,"menu_order":0,"comment_status":"closed","ping_status":"closed","template":"","meta":{"_acf_changed":false,"footnotes":""},"class_list":["post-1455","page","type-page","status-publish","has-post-thumbnail","hentry"],"acf":[],"yoast_head":"<!-- This site is optimized with the Yoast SEO plugin v23.6 - https:\/\/yoast.com\/wordpress\/plugins\/seo\/ -->\n<title>BLOG - Easy Chicken<\/title>\n<meta name=\"description\" content=\"Easy Chicken \u00e8 un laboratorio gastronomico specializzato nella produzione di pasti sani, equilibrati e personalizzabili in base alle singole esigenze.\" \/>\n<meta name=\"robots\" content=\"index, follow, max-snippet:-1, max-image-preview:large, max-video-preview:-1\" \/>\n<link rel=\"canonical\" href=\"https:\/\/easychicken.it\/en\/news\/\" \/>\n<meta property=\"og:locale\" content=\"en_US\" \/>\n<meta property=\"og:type\" content=\"article\" \/>\n<meta property=\"og:title\" content=\"BLOG - Easy Chicken\" \/>\n<meta property=\"og:description\" content=\"Easy Chicken \u00e8 un laboratorio gastronomico specializzato nella produzione di pasti sani, equilibrati e personalizzabili in base alle singole esigenze.\" \/>\n<meta property=\"og:url\" content=\"https:\/\/easychicken.it\/en\/news\/\" \/>\n<meta property=\"og:site_name\" content=\"Easy Chicken\" \/>\n<meta property=\"article:publisher\" content=\"https:\/\/www.facebook.com\/easychicken.trainingfood\/\" \/>\n<meta property=\"og:image\" content=\"https:\/\/easychicken.it\/wp-content\/uploads\/2023\/10\/gb_home_centrato02.jpg\" \/>\n\t<meta property=\"og:image:width\" content=\"1620\" \/>\n\t<meta property=\"og:image:height\" content=\"1178\" \/>\n\t<meta property=\"og:image:type\" content=\"image\/jpeg\" \/>\n<meta name=\"twitter:label1\" content=\"Est. reading time\" \/>\n\t<meta name=\"twitter:data1\" content=\"2 minutes\" \/>\n<script type=\"application\/ld+json\" class=\"yoast-schema-graph\">{\"@context\":\"https:\/\/schema.org\",\"@graph\":[{\"@type\":\"WebPage\",\"@id\":\"https:\/\/easychicken.it\/en\/news\/\",\"url\":\"https:\/\/easychicken.it\/en\/news\/\",\"name\":\"BLOG - Easy Chicken\",\"isPartOf\":{\"@id\":\"https:\/\/easychicken.it\/en\/#website\"},\"primaryImageOfPage\":{\"@id\":\"https:\/\/easychicken.it\/en\/news\/#primaryimage\"},\"image\":{\"@id\":\"https:\/\/easychicken.it\/en\/news\/#primaryimage\"},\"thumbnailUrl\":\"https:\/\/easychicken.it\/wp-content\/uploads\/layerslider\/Home\/easychicken-body-builder.jpg\",\"datePublished\":\"2024-05-16T12:44:48+00:00\",\"dateModified\":\"2024-05-16T12:44:48+00:00\",\"description\":\"Easy Chicken \u00e8 un laboratorio gastronomico specializzato nella produzione di pasti sani, equilibrati e personalizzabili in base alle singole esigenze.\",\"breadcrumb\":{\"@id\":\"https:\/\/easychicken.it\/en\/news\/#breadcrumb\"},\"inLanguage\":\"en-US\",\"potentialAction\":[{\"@type\":\"ReadAction\",\"target\":[\"https:\/\/easychicken.it\/en\/news\/\"]}]},{\"@type\":\"ImageObject\",\"inLanguage\":\"en-US\",\"@id\":\"https:\/\/easychicken.it\/en\/news\/#primaryimage\",\"url\":\"https:\/\/easychicken.it\/wp-content\/uploads\/layerslider\/Home\/easychicken-body-builder.jpg\",\"contentUrl\":\"https:\/\/easychicken.it\/wp-content\/uploads\/layerslider\/Home\/easychicken-body-builder.jpg\",\"width\":1920,\"height\":1280,\"caption\":\"Pasto personalizzato ideale per atleti e sportivi\"},{\"@type\":\"BreadcrumbList\",\"@id\":\"https:\/\/easychicken.it\/en\/news\/#breadcrumb\",\"itemListElement\":[{\"@type\":\"ListItem\",\"position\":1,\"name\":\"Home\",\"item\":\"https:\/\/easychicken.it\/en\/\"},{\"@type\":\"ListItem\",\"position\":2,\"name\":\"BLOG\"}]},{\"@type\":\"WebSite\",\"@id\":\"https:\/\/easychicken.it\/en\/#website\",\"url\":\"https:\/\/easychicken.it\/en\/\",\"name\":\"Easy Chicken\",\"description\":\"Training Food\",\"publisher\":{\"@id\":\"https:\/\/easychicken.it\/en\/#organization\"},\"potentialAction\":[{\"@type\":\"SearchAction\",\"target\":{\"@type\":\"EntryPoint\",\"urlTemplate\":\"https:\/\/easychicken.it\/en\/?s={search_term_string}\"},\"query-input\":{\"@type\":\"PropertyValueSpecification\",\"valueRequired\":true,\"valueName\":\"search_term_string\"}}],\"inLanguage\":\"en-US\"},{\"@type\":\"Organization\",\"@id\":\"https:\/\/easychicken.it\/en\/#organization\",\"name\":\"Easy Chicken\",\"url\":\"https:\/\/easychicken.it\/en\/\",\"logo\":{\"@type\":\"ImageObject\",\"inLanguage\":\"en-US\",\"@id\":\"https:\/\/easychicken.it\/en\/#\/schema\/logo\/image\/\",\"url\":\"https:\/\/easychicken.it\/wp-content\/uploads\/2017\/09\/logo-easychicken2x.png\",\"contentUrl\":\"https:\/\/easychicken.it\/wp-content\/uploads\/2017\/09\/logo-easychicken2x.png\",\"width\":320,\"height\":320,\"caption\":\"Easy Chicken\"},\"image\":{\"@id\":\"https:\/\/easychicken.it\/en\/#\/schema\/logo\/image\/\"},\"sameAs\":[\"https:\/\/www.facebook.com\/easychicken.trainingfood\/\"]}]}<\/script>\n<!-- \/ Yoast SEO plugin. -->","yoast_head_json":{"title":"BLOG - Easy Chicken","description":"Easy Chicken \u00e8 un laboratorio gastronomico specializzato nella produzione di pasti sani, equilibrati e personalizzabili in base alle singole esigenze.","robots":{"index":"index","follow":"follow","max-snippet":"max-snippet:-1","max-image-preview":"max-image-preview:large","max-video-preview":"max-video-preview:-1"},"canonical":"https:\/\/easychicken.it\/en\/news\/","og_locale":"en_US","og_type":"article","og_title":"BLOG - Easy Chicken","og_description":"Easy Chicken \u00e8 un laboratorio gastronomico specializzato nella produzione di pasti sani, equilibrati e personalizzabili in base alle singole esigenze.","og_url":"https:\/\/easychicken.it\/en\/news\/","og_site_name":"Easy Chicken","article_publisher":"https:\/\/www.facebook.com\/easychicken.trainingfood\/","og_image":[{"width":1620,"height":1178,"url":"https:\/\/easychicken.it\/wp-content\/uploads\/2023\/10\/gb_home_centrato02.jpg","type":"image\/jpeg"}],"twitter_misc":{"Est. reading time":"2 minutes"},"schema":{"@context":"https:\/\/schema.org","@graph":[{"@type":"WebPage","@id":"https:\/\/easychicken.it\/en\/news\/","url":"https:\/\/easychicken.it\/en\/news\/","name":"BLOG - Easy Chicken","isPartOf":{"@id":"https:\/\/easychicken.it\/en\/#website"},"primaryImageOfPage":{"@id":"https:\/\/easychicken.it\/en\/news\/#primaryimage"},"image":{"@id":"https:\/\/easychicken.it\/en\/news\/#primaryimage"},"thumbnailUrl":"https:\/\/easychicken.it\/wp-content\/uploads\/layerslider\/Home\/easychicken-body-builder.jpg","datePublished":"2024-05-16T12:44:48+00:00","dateModified":"2024-05-16T12:44:48+00:00","description":"Easy Chicken \u00e8 un laboratorio gastronomico specializzato nella produzione di pasti sani, equilibrati e personalizzabili in base alle singole esigenze.","breadcrumb":{"@id":"https:\/\/easychicken.it\/en\/news\/#breadcrumb"},"inLanguage":"en-US","potentialAction":[{"@type":"ReadAction","target":["https:\/\/easychicken.it\/en\/news\/"]}]},{"@type":"ImageObject","inLanguage":"en-US","@id":"https:\/\/easychicken.it\/en\/news\/#primaryimage","url":"https:\/\/easychicken.it\/wp-content\/uploads\/layerslider\/Home\/easychicken-body-builder.jpg","contentUrl":"https:\/\/easychicken.it\/wp-content\/uploads\/layerslider\/Home\/easychicken-body-builder.jpg","width":1920,"height":1280,"caption":"Pasto personalizzato ideale per atleti e sportivi"},{"@type":"BreadcrumbList","@id":"https:\/\/easychicken.it\/en\/news\/#breadcrumb","itemListElement":[{"@type":"ListItem","position":1,"name":"Home","item":"https:\/\/easychicken.it\/en\/"},{"@type":"ListItem","position":2,"name":"BLOG"}]},{"@type":"WebSite","@id":"https:\/\/easychicken.it\/en\/#website","url":"https:\/\/easychicken.it\/en\/","name":"Easy Chicken","description":"Training Food","publisher":{"@id":"https:\/\/easychicken.it\/en\/#organization"},"potentialAction":[{"@type":"SearchAction","target":{"@type":"EntryPoint","urlTemplate":"https:\/\/easychicken.it\/en\/?s={search_term_string}"},"query-input":{"@type":"PropertyValueSpecification","valueRequired":true,"valueName":"search_term_string"}}],"inLanguage":"en-US"},{"@type":"Organization","@id":"https:\/\/easychicken.it\/en\/#organization","name":"Easy Chicken","url":"https:\/\/easychicken.it\/en\/","logo":{"@type":"ImageObject","inLanguage":"en-US","@id":"https:\/\/easychicken.it\/en\/#\/schema\/logo\/image\/","url":"https:\/\/easychicken.it\/wp-content\/uploads\/2017\/09\/logo-easychicken2x.png","contentUrl":"https:\/\/easychicken.it\/wp-content\/uploads\/2017\/09\/logo-easychicken2x.png","width":320,"height":320,"caption":"Easy Chicken"},"image":{"@id":"https:\/\/easychicken.it\/en\/#\/schema\/logo\/image\/"},"sameAs":["https:\/\/www.facebook.com\/easychicken.trainingfood\/"]}]}},"_links":{"self":[{"href":"https:\/\/easychicken.it\/en\/wp-json\/wp\/v2\/pages\/1455"}],"collection":[{"href":"https:\/\/easychicken.it\/en\/wp-json\/wp\/v2\/pages"}],"about":[{"href":"https:\/\/easychicken.it\/en\/wp-json\/wp\/v2\/types\/page"}],"author":[{"embeddable":true,"href":"https:\/\/easychicken.it\/en\/wp-json\/wp\/v2\/users\/1"}],"replies":[{"embeddable":true,"href":"https:\/\/easychicken.it\/en\/wp-json\/wp\/v2\/comments?post=1455"}],"version-history":[{"count":0,"href":"https:\/\/easychicken.it\/en\/wp-json\/wp\/v2\/pages\/1455\/revisions"}],"wp:featuredmedia":[{"embeddable":true,"href":"https:\/\/easychicken.it\/en\/wp-json\/wp\/v2\/media\/1055"}],"wp:attachment":[{"href":"https:\/\/easychicken.it\/en\/wp-json\/wp\/v2\/media?parent=1455"}],"curies":[{"name":"wp","href":"https:\/\/api.w.org\/{rel}","templated":true}]}}